{"id":630,"date":"2018-06-07T11:50:42","date_gmt":"2018-06-07T09:50:42","guid":{"rendered":"http:\/\/www.dobarpogled.com.hr\/?page_id=630"},"modified":"2026-04-16T18:46:57","modified_gmt":"2026-04-16T16:46:57","slug":"polica-privatnosti","status":"publish","type":"page","link":"https:\/\/bono-optika.hr\/?page_id=630","title":{"rendered":"Polica privatnosti"},"content":{"rendered":"<p>Bono\u00a0optika<br \/>\nmajstorski opti\u010darski obrt za proizvodnju i popravak nao\u010dala<br \/>\nvl. Samka \u017didak, majstor o\u010dni opti\u010dar<br \/>\nOIB 55757210052<\/p>\n<p>IBAN HR15 2402 0061 1402 0410 6<\/p>\n<p>U slu\u010daju nerije\u0161enih prigovora potro\u0161a\u010di se mogu obratiti:<br \/>\nSudu \u010dasti Hrvatske obrtni\u010dke komore,\u00a0Zagreb, Ilica 49\/II, ili na\u00a0http:\/\/www.hok.hr\/sud_casti.<br \/>\nili<br \/>\nCentru za mirenje pri Hrvatskoj obrtni\u010dkoj komori,\u00a0Zagreb, Ilica 49\/II,\u00a0http:\/\/www.hok.hr\/centar_za_mirenje<\/p>\n<p>Adrese na\u0161ih web-stranica su: https:\/\/www.bono-optika.hr<\/p>\n<p>Kontaktirajte nas putem e-mail adrese:\u00a0optika@bono-optika.hr u vezi bilo kakvih zahtjeva po pitanju OP\u0106E UREDBE O ZA\u0160TITI PODATAKA.<\/p>\n<p>Koje osobne podatke prikupljamo i za\u0161to<\/p>\n<p>Kontakt forme<\/p>\n<p>Ukoliko nas kontaktirate putem obrasca, upit se proslje\u0111uje direktno na na\u0161u e-mail adresu, a kontakt podaci se bri\u0161u.<\/p>\n<p>Kola\u010di\u0107i<\/p>\n<p>Ako uredite ili objavite \u010dlanak, dodatni kola\u010di\u0107 biti \u0107e spremljen u va\u0161em pregledniku. Ovaj kola\u010di\u0107 ne sadr\u017ei osobne podatke i samo ukazuje na ID objave \u010dlanka koji ste upravo uredili. Kola\u010di\u0107 istekne nakon 1 dana.<\/p>\n","protected":false},"excerpt":{"rendered":"<p>Bono\u00a0optika majstorski opti\u010darski obrt za proizvodnju i popravak nao\u010dala vl. Samka \u017didak, majstor o\u010dni opti\u010dar OIB 55757210052 IBAN HR15 2402 0061 1402 0410 6 U slu\u010daju nerije\u0161enih prigovora potro\u0161a\u010di se mogu obratiti: Sudu \u010dasti Hrvatske obrtni\u010dke komore,\u00a0Zagreb, Ilica 49\/II, ili na\u00a0http:\/\/www.hok.hr\/sud_casti. ili Centru za mirenje pri Hrvatskoj obrtni\u010dkoj komori,\u00a0Zagreb, Ilica 49\/II,\u00a0http:\/\/www.hok.hr\/centar_za_mirenje Adrese na\u0161ih web-stranica su: &hellip; <\/p>\n<p class=\"link-more\"><a href=\"https:\/\/bono-optika.hr\/?page_id=630\" class=\"more-link\">Nastavi \u010ditati<span class=\"screen-reader-text\"> &#8220;Polica privatnosti&#8221;<\/span><\/a><\/p>\n","protected":false},"author":1,"featured_media":0,"parent":301,"menu_order":1,"comment_status":"closed","ping_status":"closed","template":"","meta":{"footnotes":""},"class_list":["post-630","page","type-page","status-publish","hentry"],"_links":{"self":[{"href":"https:\/\/bono-optika.hr\/index.php?rest_route=\/wp\/v2\/pages\/630","targetHints":{"allow":["GET"]}}],"collection":[{"href":"https:\/\/bono-optika.hr\/index.php?rest_route=\/wp\/v2\/pages"}],"about":[{"href":"https:\/\/bono-optika.hr\/index.php?rest_route=\/wp\/v2\/types\/page"}],"author":[{"embeddable":true,"href":"https:\/\/bono-optika.hr\/index.php?rest_route=\/wp\/v2\/users\/1"}],"replies":[{"embeddable":true,"href":"https:\/\/bono-optika.hr\/index.php?rest_route=%2Fwp%2Fv2%2Fcomments&post=630"}],"version-history":[{"count":5,"href":"https:\/\/bono-optika.hr\/index.php?rest_route=\/wp\/v2\/pages\/630\/revisions"}],"predecessor-version":[{"id":1648,"href":"https:\/\/bono-optika.hr\/index.php?rest_route=\/wp\/v2\/pages\/630\/revisions\/1648"}],"up":[{"embeddable":true,"href":"https:\/\/bono-optika.hr\/index.php?rest_route=\/wp\/v2\/pages\/301"}],"wp:attachment":[{"href":"https:\/\/bono-optika.hr\/index.php?rest_route=%2Fwp%2Fv2%2Fmedia&parent=630"}],"curies":[{"name":"wp","href":"https:\/\/api.w.org\/{rel}","templated":true}]}}