{"id":385,"date":"2018-03-26T09:23:20","date_gmt":"2018-03-26T07:23:20","guid":{"rendered":"http:\/\/www.dobarpogled.com.hr\/bono\/?page_id=385"},"modified":"2026-04-14T19:22:52","modified_gmt":"2026-04-14T17:22:52","slug":"uvjeti-placanja","status":"publish","type":"page","link":"https:\/\/bono-optika.hr\/?page_id=385","title":{"rendered":"Uvjeti pla\u0107anja"},"content":{"rendered":"<p><strong>JEDNOKRATNO PLA\u0106ANJE<\/strong><br \/>\nPrimamo sve kreditne i debitne kartice.<br \/>\nZa ra\u010dune iznad 66 \u20ac odobravamo 5%.<\/p>\n<p><strong>OBRO\u010cNA OTPLATA BEZ KAMATA I TRO\u0160KOVA<\/strong><br \/>\ndo 6 rata \u2013 Diners Club + kartice sljede\u0107ih banaka: ZABA, Erste, PBZ, Slatinska, Istarska Kreditna, Sberbank, Kentbank, Agram<\/p>\n<p><strong>BONO OPTIKA KLUB VJERNOSTI<\/strong><br \/>\nSvim na\u0161im kupcima \u017eelimo dobrodo\u0161licu u Bono optika Klub vjernosti!<br \/>\n\u010clan kluba mo\u017ee postati bilo koja pravna ili fizi\u010dka osoba koja ostvari kupnju iz opti\u010dkog asortimana. \u010clanstvo po\u010dinje trenutkom primitka kartice vjernosti i nema roka trajanja. Kartica je prenosiva i na sve \u010dlanove njegove obitelji. Prilikom ostvarivanja \u010dlanskih pogodnosti dovoljno je pokazati iskaznicu tj. nije uvjetovano prisustvo samog \u010clana.<\/p>\n<p>POPUST ZA \u010cLANOVE KLUBA VJERNOSTI<\/p>\n<p>Za ra\u010dune iznad 66 \u20ac odobravamo:<\/p>\n<p><strong>20%<\/strong> \u2013 na jednokratno pla\u0107anje gotovinom ili karticama,<br \/>\nNE VRIJEDI ZA AKCIJSKE CIJENE<\/p>\n<p><strong>15%<\/strong> \u2013 na obro\u010dno pla\u0107anje karticama,<br \/>\nNE VRIJEDI ZA AKCIJSKE CIJENE<\/p>\n<p>Iskazani popust na kartici vjernosti nije mogu\u0107e kombinirati s akcijskim cijenama.<br \/>\nPrilikom kupnje mogu\u0107e je iskoristiti popust samo s jedne kartice vjernosti.<\/p>\n<h6>NE ODGOVARAMO ZA NARUD\u017dBE KOJE SE NE PODIGNU U ROKU OD 90 DANA NAKON OBAVIJESTI!<\/h6>\n<p><!-- {\"name\":\"\",\"type\":\"layout\",\"children\":[{\"name\":\"\",\"type\":\"section\",\"props\":{\"style\":\"default\",\"width\":\"default\",\"vertical_align\":\"middle\",\"title_position\":\"top-left\",\"title_rotation\":\"left\",\"title_breakpoint\":\"xl\",\"image_position\":\"center-center\"},\"children\":[{\"name\":\"\",\"type\":\"row\",\"props\":{\"fixed_width\":\"large\",\"breakpoint\":\"m\",\"layout\":\"1-1\"},\"children\":[{\"name\":\"\",\"type\":\"column\",\"props\":{\"widths\":[\"1-1\"],\"image_position\":\"center-center\"},\"children\":[{\"name\":\"\",\"type\":\"headline\",\"props\":{\"title_element\":\"h1\",\"content\":\"Uvjeti pla\\u0107anja\\n\",\"text_align\":\"center\"}}]}]},{\"name\":\"\",\"type\":\"row\",\"props\":{\"fixed_width\":\"large\",\"breakpoint\":\"m\",\"layout\":\"1-1\"},\"children\":[{\"name\":\"\",\"type\":\"column\",\"props\":{\"widths\":[\"1-1\"],\"image_position\":\"center-center\"},\"children\":[{\"name\":\"\",\"type\":\"text\",\"props\":{\"margin\":\"default\",\"column_breakpoint\":\"m\",\"content\":\"\n\n<span style=\\\"color: #ff6600;\\\">JEDNOKRATNO PLA\\u0106ANJE<\\\/span><br \\\/>Primamo sve kreditne i debitne kartice.<br \\\/>Za ra\\u010dune<strong> iznad 66 \\u20ac<\\\/strong>\\u00a0odobravamo <strong>5%.<\\\/strong><\\\/p>\\n\n\n<span style=\\\"color: #ff6600;\\\">OBRO\\u010cNA OTPLATA BEZ KAMATA I TRO\\u0160KOVA:<\\\/span><br \\\/><strong>do 6 rata<\\\/strong> \\u2013 Diners Club + kartice sljede\\u0107ih banaka: ZABA, Erste, PBZ, Slatinska, Istarska Kreditna, Sberbank, Kentbank, Agram<\\\/p>\\n\n\n<span style=\\\"color: #ff6600;\\\">BONO OPTIKA KLUB VJERNOSTI<\\\/span><br \\\/>Svim na\\u0161im kupcima \\u017eelimo dobrodo\\u0161licu u Bono optika Klub vjernosti!<\\\/p>\\n\n\n\\u010clan kluba mo\\u017ee postati bilo koja pravna ili fizi\\u010dka osoba koja ostvari kupnju iz opti\\u010dkog asortimana.<br \\\/>\\u010clanstvo po\\u010dinje trenutkom primitka kartice vjernosti i nema roka trajanja.<br \\\/>Kartica je prenosiva i na sve \\u010dlanove njegove obitelji.<br \\\/>Prilikom ostvarivanja \\u010dlanskih pogodnosti dovoljno je pokazati iskaznicu tj. nije uvjetovano prisustvo samog \\u010clana.<\\\/p>\\n\n\n<span style=\\\"color: #ff6600;\\\">POPUST ZA \\u010cLANOVE KLUBA VJERNOSTI<\\\/span><br \\\/>Za ra\\u010dune<strong> iznad 66 \\u20ac <\\\/strong>odobravamo:<br \\\/><strong>20% \\u2013 na jednokratno pla\\u0107anje gotovinom ili karticama<\\\/strong>, NE VRIJEDI ZA AKCIJSKE CIJENE<br \\\/><strong>15% \\u2013 na obro\\u010dno pla\\u0107anje karticama<\\\/strong>, NE VRIJEDI ZA AKCIJSKE CIJENE<\\\/p>\\n\n\nIskazani popust na kartici vjernosti nije mogu\\u0107e kombinirati s akcijskim cijenama.<br \\\/>Prilikom kupnje mogu\\u0107e je iskoristiti popust samo s jedne kartice vjernosti.<\\\/p>\\n\n\n<span style=\\\"color: #ff6600;\\\"><strong> NE ODGOVARAMO ZA NARUD\\u017dBE KOJE SE NE PODIGNU U ROKU OD 90 DANA NAKON OBAVIJESTI!<\\\/strong><\\\/span><\\\/p>\"}}]}]}]}]} --><\/p>\n","protected":false},"excerpt":{"rendered":"<p>JEDNOKRATNO PLA\u0106ANJE Primamo sve kreditne i debitne kartice. Za ra\u010dune iznad 66 \u20ac odobravamo 5%. OBRO\u010cNA OTPLATA BEZ KAMATA I TRO\u0160KOVA do 6 rata \u2013 Diners Club + kartice sljede\u0107ih banaka: ZABA, Erste, PBZ, Slatinska, Istarska Kreditna, Sberbank, Kentbank, Agram BONO OPTIKA KLUB VJERNOSTI Svim na\u0161im kupcima \u017eelimo dobrodo\u0161licu u Bono optika Klub vjernosti! \u010clan &hellip; <\/p>\n<p class=\"link-more\"><a href=\"https:\/\/bono-optika.hr\/?page_id=385\" class=\"more-link\">Nastavi \u010ditati<span class=\"screen-reader-text\"> &#8220;Uvjeti pla\u0107anja&#8221;<\/span><\/a><\/p>\n","protected":false},"author":1,"featured_media":0,"parent":0,"menu_order":0,"comment_status":"closed","ping_status":"closed","template":"","meta":{"footnotes":""},"class_list":["post-385","page","type-page","status-publish","hentry"],"_links":{"self":[{"href":"https:\/\/bono-optika.hr\/index.php?rest_route=\/wp\/v2\/pages\/385","targetHints":{"allow":["GET"]}}],"collection":[{"href":"https:\/\/bono-optika.hr\/index.php?rest_route=\/wp\/v2\/pages"}],"about":[{"href":"https:\/\/bono-optika.hr\/index.php?rest_route=\/wp\/v2\/types\/page"}],"author":[{"embeddable":true,"href":"https:\/\/bono-optika.hr\/index.php?rest_route=\/wp\/v2\/users\/1"}],"replies":[{"embeddable":true,"href":"https:\/\/bono-optika.hr\/index.php?rest_route=%2Fwp%2Fv2%2Fcomments&post=385"}],"version-history":[{"count":36,"href":"https:\/\/bono-optika.hr\/index.php?rest_route=\/wp\/v2\/pages\/385\/revisions"}],"predecessor-version":[{"id":400,"href":"https:\/\/bono-optika.hr\/index.php?rest_route=\/wp\/v2\/pages\/385\/revisions\/400"}],"wp:attachment":[{"href":"https:\/\/bono-optika.hr\/index.php?rest_route=%2Fwp%2Fv2%2Fmedia&parent=385"}],"curies":[{"name":"wp","href":"https:\/\/api.w.org\/{rel}","templated":true}]}}